{"id":353,"date":"2023-06-07T09:53:00","date_gmt":"2023-06-07T07:53:00","guid":{"rendered":"https:\/\/praiapiscina.pt\/home\/"},"modified":"2025-12-12T11:53:29","modified_gmt":"2025-12-12T10:53:29","slug":"home","status":"publish","type":"page","link":"https:\/\/praiapiscina.pt\/fr\/","title":{"rendered":"Home"},"content":{"rendered":"<div id=\"diaporama\" class=\"wp-block-diaporama relative h-[100vh] w-[100vw] max-w-full overflow-hidden z-30 bg-piscina\">\n            <div class=\"w-full h-full slider-flickity\"\n            data-flickity='{ \"setGallerySize\": false, \"autoPlay\": 3500, \"pauseAutoPlayOnHover\": false, \"wrapAround\": true, \"prevNextButtons\": false, \"pageDots\": false, \"fade\": true, \"imagesLoaded\": true, \"lazyLoad\": true }'>\n                            <img data-flickity-lazyload=\"https:\/\/praiapiscina.pt\/app\/uploads\/2023\/07\/Piscina_carrousel-1.jpg\" alt=\"\"\n                    class=\"border-none not-rounded object-cover w-full h-full z-30\" fetchpriority=\"high\">\n                            <img data-flickity-lazyload=\"https:\/\/praiapiscina.pt\/app\/uploads\/2023\/07\/Piscina_carrousel-2.jpg\" alt=\"\"\n                    class=\"border-none not-rounded object-cover w-full h-full z-30\" fetchpriority=\"high\">\n                            <img data-flickity-lazyload=\"https:\/\/praiapiscina.pt\/app\/uploads\/2023\/07\/Piscina_carrousel-3.jpg\" alt=\"\"\n                    class=\"border-none not-rounded object-cover w-full h-full z-30\" fetchpriority=\"high\">\n                            <img data-flickity-lazyload=\"https:\/\/praiapiscina.pt\/app\/uploads\/2023\/07\/Piscina_carrousel-4.jpg\" alt=\"\"\n                    class=\"border-none not-rounded object-cover w-full h-full z-30\" fetchpriority=\"high\">\n                            <img data-flickity-lazyload=\"https:\/\/praiapiscina.pt\/app\/uploads\/2023\/07\/Piscina_carrousel-5.jpg\" alt=\"\"\n                    class=\"border-none not-rounded object-cover w-full h-full z-30\" fetchpriority=\"high\">\n                            <img data-flickity-lazyload=\"https:\/\/praiapiscina.pt\/app\/uploads\/2023\/07\/Piscina_carrousel-6.jpg\" alt=\"\"\n                    class=\"border-none not-rounded object-cover w-full h-full z-30\" fetchpriority=\"high\">\n                            <img data-flickity-lazyload=\"https:\/\/praiapiscina.pt\/app\/uploads\/2023\/07\/Piscina_carrousel-7.jpg\" alt=\"\"\n                    class=\"border-none not-rounded object-cover w-full h-full z-30\" fetchpriority=\"high\">\n                            <img data-flickity-lazyload=\"https:\/\/praiapiscina.pt\/app\/uploads\/2023\/07\/Piscina_carrousel-8.jpg\" alt=\"\"\n                    class=\"border-none not-rounded object-cover w-full h-full z-30\" fetchpriority=\"high\">\n                            <img data-flickity-lazyload=\"https:\/\/praiapiscina.pt\/app\/uploads\/2023\/07\/Piscina_carrousel-9.jpg\" alt=\"\"\n                    class=\"border-none not-rounded object-cover w-full h-full z-30\" fetchpriority=\"high\">\n                            <img data-flickity-lazyload=\"https:\/\/praiapiscina.pt\/app\/uploads\/2023\/07\/Piscina_carrousel-10.jpg\" alt=\"\"\n                    class=\"border-none not-rounded object-cover w-full h-full z-30\" fetchpriority=\"high\">\n                    <\/div>\n    \n    <img decoding=\"async\" src=\"https:\/\/praiapiscina.pt\/app\/themes\/piscina\/public\/images\/logo-white.e719c4.svg\" alt=\"Logo Piscina\" class=\" z-50 max-w-[80%] absolute left-0 right-0 top-0 bottom-0 m-auto\" fetchpriority=\"high\">\n\n<\/div>\n\n\n<div class=\"z-30 justify-center w-full md:sticky md:top-0 bg-piscina md:flex md:flex-col \">\n\n    <a class=\"flex justify-start ml-10 [@media(max-width:965px)]:opacity-0 [@media(min-width:1765px)]:ml-0 [@media(min-width:1765px)]:justify-center \" href=\"https:\/\/praiapiscina.pt\/fr\/\">\n        <img decoding=\"async\" src=\"https:\/\/praiapiscina.pt\/app\/themes\/piscina\/public\/images\/logo.461efd.svg\" alt=\"Logo\" class=\"mt-[35px] mb-5 not-rounded \">\n    <\/a>\n\n    <div class=\"justify-center hidden md:flex \">\n        <ul id=\"nav-menu\"\n    class=\"m-auto h-full w-auto flex-wrap justify-center space-y-7 p-5 child:child:text-sm child:child:font-semibold child:child:uppercase md:inline-flex md:space-x-7 md:space-y-0 md:border-b-[1px] md:border-piscina-blue xl:px-24\">\n    <li><a href=\"https:\/\/praiapiscina.pt\/fr\/#home\" class=\"hover:text-piscina-green\">Accueil<\/a><\/li>\n    <li><a href=\"https:\/\/praiapiscina.pt\/fr\/#restaurant\" class=\"hover:text-piscina-green\">Restaurant<\/a><\/li>\n    \n    <li><a href=\"https:\/\/praiapiscina.pt\/fr\/#beach\" class=\"hover:text-piscina-green\">Plage<\/a><\/li>\n    <li><a href=\"https:\/\/praiapiscina.pt\/fr\/#surf\" class=\"hover:text-piscina-green\">\u00c9cole de surf<\/a><\/li>\n    <li><a href=\"https:\/\/praiapiscina.pt\/fr\/#events\" class=\"hover:text-piscina-green\">\u00c9v\u00e9nements et c\u00e9l\u00e9brations<\/a><\/li>\n    <li><a href=\"https:\/\/praiapiscina.pt\/fr\/galerie-photo\/\" class=\"hover:text-piscina-green\">Galerie<\/a><\/li>\n    <li><a href=\"https:\/\/praiapiscina.pt\/fr\/contact-us\/\" class=\"hover:text-piscina-green\">Contact<\/a><\/li>\n    <li><a href=\"https:\/\/praiapiscina.pt\/fr\/#shop\" class=\"hover:text-piscina-green\">Boutique<\/a><\/li>\n    <li>\n                            <a href=\"https:\/\/praiapiscina.pt\/\"\n                >en<\/a>\n                            |\n                                <a href=\"https:\/\/praiapiscina.pt\/pt-pt\/\"\n                >pt<\/a>\n                            |\n                                <a href=\"https:\/\/praiapiscina.pt\/fr\/\"\n                 class=\" !font-normal\" >fr<\/a>\n                        <\/li>\n<\/ul>\n    <\/div>\n\n<\/div>\n\n<div class=\"fixed bottom-0 right-0 z-20 flex justify-end\">\n    <a href=\"https:\/\/praiapiscina.pt\/fr\/#diaporama\" class=\"flex items-center m-5 text-sm font-semibold uppercase z-1 hover:underline\">\n        <span class=\"hidden md:inline\">Retour en haut<\/span>\n        <img decoding=\"async\" src=\"https:\/\/praiapiscina.pt\/app\/themes\/piscina\/public\/images\/icon-up.fbfbec.svg\" alt=\"Retour en haut\" class=\"ml-2 not-rounded\"><\/a>\n<\/div>\n\n\n<div id=\"home\" class=\"wp-block-intro section mt-[60px] md:mt-[150px]\">\n\n    <h2>\n      Profiter de la vie c\u00f4t\u00e9 oc\u00e9an <span> avec sa famille et ses amis<\/span>\n    <\/h2>\n\n    <div\n        class=\"flex flex-col md:flex-row md:space-x-5 max-w-[1080px]\n    child:flex child:flex-col-reverse child:md:flex-col child:w-full child:md:w-1\/2\">\n\n        <div class=\"items-center justify-start md:items-end md:pt-10 child:mb-5\">\n\n            <img decoding=\"async\" src=\"https:\/\/praiapiscina.pt\/app\/uploads\/2025\/12\/2025-12-21-Piscina-section1-01-aerial-view.jpg\" alt=\"\" class=\"bordered\">\n            <img decoding=\"async\" src=\"https:\/\/praiapiscina.pt\/app\/uploads\/2023\/07\/Piscina_intro-2-1.jpg\" alt=\"\" class=\"bordered\">\n        <\/div>\n\n        <div class=\"items-center m-0 md:items-start child:mb-5\">\n\n            <div class=\"md:ml-20 md:mb-16\">\n                <p><strong>Piscina<\/strong> est situ\u00e9 au pied des falaises de Fonte da Telha, \u00e0 30 minutes de route de Lisbonne. Face \u00e0 l&rsquo;oc\u00e9an, c&rsquo;est le meilleur endroit pour se d\u00e9tendre, surfer et profiter de la plage en famille ou entre amis.<\/p>\n\n                <div class=\"mt-5 buttons\">\n                    <a href=\"https:\/\/praiapiscina.pt\/fr\/galerie-photo\/\"\n                        class=\"btn\">GALERIE PHOTOS<\/a>\n                    <a href=\"https:\/\/praiapiscina.pt\/fr\/contact-us\/\"\n                        class=\"btn btn-transp\">CONTACTEZ NOUS<\/a>\n                <\/div>\n            <\/div>\n\n            <img decoding=\"async\" src=\"https:\/\/praiapiscina.pt\/app\/uploads\/2023\/07\/Piscina_intro-1.jpg\" alt=\"\" class=\"object-none md:mt-5 bordered\">\n\n        <\/div>\n    <\/div>\n\n    <div>\n        \n    <\/div>\n<\/div>\n\n\n<div id=\"restaurant\" class=\"wp-block-restaurant section\">\n\n    <h2>\n        <span>C&#039;est l&#039;heure du d\u00e9jeuner ?<\/span>\n        Nous cuisinons des produits frais et locaux\n    <\/h2>\n\n            <div class=\"w-full slider-flickity\"\n            data-flickity='{ \"contain\": true, \"autoPlay\": true, \"wrapAround\": true, \"cellAlign\": \"center\", \"imagesLoaded\": true, \"percentPosition\": false }'>\n                            <img decoding=\"async\" src=\"https:\/\/praiapiscina.pt\/app\/uploads\/2025\/12\/2025-12-21-Piscina-slider-01-seafood.png\" alt=\"\"\n                    class=\"slider-flickity-image h-[320px] md:h-[520px] w-auto m-1 border-none\">\n                            <img decoding=\"async\" src=\"https:\/\/praiapiscina.pt\/app\/uploads\/2025\/12\/2025-12-21-Piscina-slider-08-sashimis-1-scaled.jpg\" alt=\"\"\n                    class=\"slider-flickity-image h-[320px] md:h-[520px] w-auto m-1 border-none\">\n                            <img decoding=\"async\" src=\"https:\/\/praiapiscina.pt\/app\/uploads\/2025\/12\/2025-12-21-Piscina-slider-11-cocktail.png\" alt=\"\"\n                    class=\"slider-flickity-image h-[320px] md:h-[520px] w-auto m-1 border-none\">\n                            <img decoding=\"async\" src=\"https:\/\/praiapiscina.pt\/app\/uploads\/2025\/12\/2025-12-21-Piscina-slider-10-food.png\" alt=\"\"\n                    class=\"slider-flickity-image h-[320px] md:h-[520px] w-auto m-1 border-none\">\n                            <img decoding=\"async\" src=\"https:\/\/praiapiscina.pt\/app\/uploads\/2025\/12\/2025-12-21-Piscina-slider-06-table.png\" alt=\"\"\n                    class=\"slider-flickity-image h-[320px] md:h-[520px] w-auto m-1 border-none\">\n                            <img decoding=\"async\" src=\"https:\/\/praiapiscina.pt\/app\/uploads\/2025\/12\/2025-12-21-Piscina-slider-09-meat-scaled.jpg\" alt=\"\"\n                    class=\"slider-flickity-image h-[320px] md:h-[520px] w-auto m-1 border-none\">\n                            <img decoding=\"async\" src=\"https:\/\/praiapiscina.pt\/app\/uploads\/2025\/12\/2025-12-21-Piscina-slider-07-shells.png\" alt=\"\"\n                    class=\"slider-flickity-image h-[320px] md:h-[520px] w-auto m-1 border-none\">\n                            <img decoding=\"async\" src=\"https:\/\/praiapiscina.pt\/app\/uploads\/2025\/12\/2025-12-21-Piscina-slider-05-sushis-scaled.jpg\" alt=\"\"\n                    class=\"slider-flickity-image h-[320px] md:h-[520px] w-auto m-1 border-none\">\n                            <img decoding=\"async\" src=\"https:\/\/praiapiscina.pt\/app\/uploads\/2025\/12\/2025-12-21-Piscina-slider-04-people-scaled.jpg\" alt=\"\"\n                    class=\"slider-flickity-image h-[320px] md:h-[520px] w-auto m-1 border-none\">\n                            <img decoding=\"async\" src=\"https:\/\/praiapiscina.pt\/app\/uploads\/2025\/12\/2025-12-21-Piscina-slider-03-shrimps-scaled.jpg\" alt=\"\"\n                    class=\"slider-flickity-image h-[320px] md:h-[520px] w-auto m-1 border-none\">\n                            <img decoding=\"async\" src=\"https:\/\/praiapiscina.pt\/app\/uploads\/2025\/12\/2025-12-21-Piscina-slider-02-chef-scaled.jpg\" alt=\"\"\n                    class=\"slider-flickity-image h-[320px] md:h-[520px] w-auto m-1 border-none\">\n                    <\/div>\n    \n    <div class=\"max-w-[900px] mt-20 md:text-center\">\n        \u00c0 Piscina, nous mettons l&rsquo;accent sur les ingr\u00e9dients frais et locaux. Vous pourrez d\u00e9guster des entr\u00e9es, des viandes grill\u00e9es, les fruits de mer les plus frais du jour, des plats v\u00e9g\u00e9tariens, des salades compos\u00e9es de l\u00e9gumes de saison et des desserts faits maison. <br><br>Au coucher du soleil, vous pourrez vous d\u00e9tendre en sirotant des cocktails, tandis que le restaurant s&rsquo;anime dans une ambiance de club de plage.\n    <\/div>\n\n    <div class=\"buttons\">\n        <a href=\"https:\/\/praiapiscina.pt\/app\/uploads\/2025\/04\/Praia-Piscina-Menu-FR.pdf\" target=\"_blank\"\n            class=\"btn\">Voir le menu<\/a>\n        <a href=\"https:\/\/praiapiscina.pt\/fr\/book-a-table\/\"\n            class=\"btn btn-transp\">R\u00e9servez une table<\/a>\n    <\/div>\n\n    <div>\n        \n    <\/div>\n<\/div>\n\n\n<div class=\"wp-block-surf section section-col mx-auto max-w-[1080px]\">\n\n    <h2>\n        <span>Vous n&#039;aimez pas seulement la nourriture ?<\/span>\n        Nous rendons votre journ\u00e9e inoubliable\n    <\/h2>\n\n    <div id=\"beach\" class=\"mb-20 flex flex-col child:m-5 md:mb-5 md:flex-row md:space-x-5 child:md:w-1\/2\">\n        <div class=\"content flex flex-col justify-center xl:pl-20\">\n            <h3>Profitez de notre salon de plage.<\/h3><p>D\u00e9tendez-vous sur un transat, surfez sur les c\u00e9l\u00e8bres vagues de l&rsquo;Atlantique, promenez-vous sur la plage, baignez-vous dans l&rsquo;oc\u00e9an, vous \u00eates au bon endroit.<\/p>\n        <\/div>\n        <img decoding=\"async\" src=\"https:\/\/praiapiscina.pt\/app\/uploads\/2025\/12\/2025-11-25-Piscina-08-beach-scaled.jpg\" alt=\"\" class=\"bordered h-[100%] w-auto\">\n    <\/div>\n\n    <div id=\"surf\" class=\"mb-20 flex flex-col child:m-5 md:mb-5 md:flex-row md:space-x-5 child:md:w-1\/2\">\n        <img decoding=\"async\" src=\"https:\/\/praiapiscina.pt\/app\/uploads\/2025\/12\/2025-11-25-Piscina-17-surfers-scaled.jpg\" alt=\"\" class=\"bordered h-[100%] w-auto\">\n        <div class=\"content flex flex-col justify-center xl:pl-20\">\n            <h3>Prenez une incroyable le\u00e7on de surf<\/h3><p>En collaboration avec Thiago Pires, premier surfeur portugais \u00e0 s&rsquo;\u00eatre qualifi\u00e9 pour le WSL Elite Tour, notre \u00e9cole de surf offre des conditions de vagues fantastiques pour d\u00e9velopper votre pratique sur un spot r\u00e9put\u00e9 pour les surfeurs locaux et internationaux.<\/p>\n            <div class=\"buttons mt-5\">\n                <a href=\"https:\/\/www.tiagopiressurfschool.com\/\" target=\"_blank\"\n                    class=\"btn btn-transp\">En savoir plus<\/a>\n            <\/div>\n        <\/div>\n    <\/div>\n\n    <div id=\"shop\" class=\"mb-5 flex flex-col-reverse child:m-5 md:flex-row md:space-x-5 child:md:w-1\/2\">\n        <div class=\"content flex flex-col justify-center md:items-end md:text-right xl:pr-20\">\n            <h3>Trouvez une pi\u00e8ce unique dans notre boutique<\/h3><p>Casquettes color\u00e9es, sweat-shirts et t-shirts vintage pour toute la famille, kimonos arty&#8230; Achetez nos pi\u00e8ces uniques pour un \u00e9t\u00e9 qui sort de l&rsquo;ordinaire !<\/p>\n\n            \n\n        <\/div>\n        <img decoding=\"async\" src=\"https:\/\/praiapiscina.pt\/app\/uploads\/2025\/12\/2025-11-25-Piscina-01-shop-2.jpg\" alt=\"\" class=\"bordered h-[100%] w-auto\">\n    <\/div>\n\n    <div>\n        \n    <\/div>\n<\/div>\n\n\n<div id=\"events\" class=\"wp-block-events section section-col\">\n\n    <div\n        class=\"flex flex-col-reverse xl:flex-row max-w-[100%] xl:max-w-[1080px] xl:space-x-5 child:flex child:flex-col child:xl:w-1\/2\">\n\n        <div class=\"xl:items-end xl:justify-start xl:pt-80  child:mb-5\">\n            <img decoding=\"async\" src=\"https:\/\/praiapiscina.pt\/app\/uploads\/2023\/07\/Piscina_events.jpg\" alt=\"\" class=\"bordered\">\n            <img decoding=\"async\" src=\"https:\/\/praiapiscina.pt\/app\/uploads\/2023\/06\/Events-1.jpeg\" alt=\"\" class=\"bordered\">\n        <\/div>\n\n        <div class=\"xl:items-start\">\n\n            <h2 class=\" xl:ml-20 xl:text-left\">\n                <span>Quelque chose pour vous ?<\/span>\n                \u00c9v\u00e9nements et c\u00e9l\u00e9brations\n            <\/h2>\n\n            <div class=\" xl:ml-20 mb-16\">\n                <p>PISCINA est le cadre id\u00e9al pour votre prochain \u00e9v\u00e9nement inoubliable (entreprise, f\u00eates, mariages) dans un cadre idyllique, nous vous proposons de r\u00e9server un espace d\u00e9di\u00e9 ou m\u00eame d&rsquo;opter pour une privatisation totale du lieu. Nous travaillons avec des partenaires de talent pour vous fournir un package cl\u00e9 en main comprenant la logistique, la d\u00e9coration, un menu sur mesure, la r\u00e9servation d&rsquo;un DJ. Pour tout \u00e9v\u00e9nement \u00e0 partir de 30 personnes.<\/p>\n\n                <div class=\"buttons\">\n                                      <a href=\"https:\/\/praiapiscina.pt\/fr\/contact-us\/\" class=\"btn\">CONTACTEZ NOUS<\/a>\n                <\/div>\n            <\/div>\n\n            <img decoding=\"async\" src=\"https:\/\/praiapiscina.pt\/app\/uploads\/2023\/06\/Events-3.jpeg\" alt=\"\" class=\" mb-5 xl:mb-0 mt-5 bordered\">\n        <\/div>\n\n    <\/div>\n\n    <div>\n        \n    <\/div>\n<\/div>\n\n\n<div id=\"contact\" class=\"wp-block-contact section section-col mx-0 md:mb-24\">\n\n    <h2>\n        <span>\u00c0 seulement 30 minutes en voiture de Lisbonne<\/span>\n        Nous vous attendons !\n    <\/h2>\n\n    <img decoding=\"async\" src=\"https:\/\/praiapiscina.pt\/app\/themes\/piscina\/public\/images\/map.9b30df.png\" alt=\"Map\" class=\"w-auto max-w-full not-rounded\">\n\n    <div\n        class=\"flex flex-col items-center justify-center mt-5 space-y-5 lg:flex-row md:items-start lg:space-y-0 lg:space-x-16 xl:space-x-32 lg:mt-20 child:font-semibold child:flex child:flex-col child:justify-start\">\n        <div class=\"text-center lg:text-left\">\n\n          <a href=\"https:\/\/maps.app.goo.gl\/4R2y7ikS45cSpWVN8?g_st=ic\" target=\"_blank\" class=\"\">\n            PISCINA <br>\n            Av. Vasco da Gama, <br>\n            2825-486 Fonte da Telha <br>\n            Portugal <br> <br>\n          <\/a>\n\n            <div class=\"buttons\">\n                <a href=\"https:\/\/maps.app.goo.gl\/4R2y7ikS45cSpWVN8?g_st=ic\" target=\"_blank\" class=\"btn btn-transp\">VOIR SUR GOOGLE MAPS<\/a>\n            <\/div>\n        <\/div>\n        <div>\n            Pour les \u00e9v\u00e9nements et les c\u00e9l\u00e9brations <a href=\"mailto:contact@praiapiscina.pt\"\n                class=\"underline\">contact@praiapiscina.pt<\/a>\n            <br><br>\n            \n        <\/div>\n        <div>\n            <a href=\"https:\/\/www.instagram.com\/praia_piscina_lisboa\" class=\"flex items-center underline\"> <img decoding=\"async\"\n                    src=\"https:\/\/praiapiscina.pt\/app\/themes\/piscina\/public\/images\/icon-insta.c07841.svg\" alt=\"Instagram\" class=\"mr-2 not-rounded\">\n                @praia_piscina_lisboa<\/a>\n        <\/div>\n    <\/div>\n\n\n    <div>\n        \n    <\/div>\n<\/div>\n","protected":false},"excerpt":{"rendered":"","protected":false},"author":1,"featured_media":0,"parent":0,"menu_order":0,"comment_status":"closed","ping_status":"closed","template":"","meta":{"_acf_changed":false,"inline_featured_image":false,"footnotes":""},"class_list":["post-353","page","type-page","status-publish","hentry"],"acf":[],"yoast_head":"<!-- This site is optimized with the Yoast SEO Premium plugin v26.3 (Yoast SEO v26.4) - https:\/\/yoast.com\/wordpress\/plugins\/seo\/ -->\n<title>Praia Piscina - Bienvenue<\/title>\n<meta name=\"description\" content=\"Piscina is located at the foot of the Fonte da Telha cliffs, a short 30-minute drive from Lisbon. Facing the ocean, it\u2019s the best spot for chilling out, surfing and enjoying the beach with family and friends.\" \/>\n<meta name=\"robots\" content=\"index, follow, max-snippet:-1, max-image-preview:large, max-video-preview:-1\" \/>\n<link rel=\"canonical\" href=\"https:\/\/praiapiscina.pt\/fr\/\" \/>\n<meta property=\"og:locale\" content=\"fr_FR\" \/>\n<meta property=\"og:type\" content=\"article\" \/>\n<meta property=\"og:title\" content=\"Home\" \/>\n<meta property=\"og:description\" content=\"Piscina is located at the foot of the Fonte da Telha cliffs, a short 30-minute drive from Lisbon. Facing the ocean, it\u2019s the best spot for chilling out, surfing and enjoying the beach with family and friends.\" \/>\n<meta property=\"og:url\" content=\"https:\/\/praiapiscina.pt\/fr\/\" \/>\n<meta property=\"og:site_name\" content=\"Praia Piscina\" \/>\n<meta property=\"article:modified_time\" content=\"2025-12-12T10:53:29+00:00\" \/>\n<meta name=\"twitter:card\" content=\"summary_large_image\" \/>\n<script type=\"application\/ld+json\" class=\"yoast-schema-graph\">{\"@context\":\"https:\/\/schema.org\",\"@graph\":[{\"@type\":\"WebPage\",\"@id\":\"https:\/\/praiapiscina.pt\/fr\/\",\"url\":\"https:\/\/praiapiscina.pt\/fr\/\",\"name\":\"Praia Piscina - Bienvenue\",\"isPartOf\":{\"@id\":\"https:\/\/praiapiscina.pt\/#website\"},\"datePublished\":\"2023-06-07T07:53:00+00:00\",\"dateModified\":\"2025-12-12T10:53:29+00:00\",\"description\":\"Piscina is located at the foot of the Fonte da Telha cliffs, a short 30-minute drive from Lisbon. Facing the ocean, it\u2019s the best spot for chilling out, surfing and enjoying the beach with family and friends.\",\"breadcrumb\":{\"@id\":\"https:\/\/praiapiscina.pt\/fr\/#breadcrumb\"},\"inLanguage\":\"fr-FR\",\"potentialAction\":[{\"@type\":\"ReadAction\",\"target\":[\"https:\/\/praiapiscina.pt\/fr\/\"]}]},{\"@type\":\"BreadcrumbList\",\"@id\":\"https:\/\/praiapiscina.pt\/fr\/#breadcrumb\",\"itemListElement\":[{\"@type\":\"ListItem\",\"position\":1,\"name\":\"Accueil\",\"item\":\"https:\/\/praiapiscina.pt\/fr\/\"},{\"@type\":\"ListItem\",\"position\":2,\"name\":\"Home\"}]},{\"@type\":\"WebSite\",\"@id\":\"https:\/\/praiapiscina.pt\/#website\",\"url\":\"https:\/\/praiapiscina.pt\/\",\"name\":\"Praia Piscina\",\"description\":\"Enjoying life by the ocean with family &amp; friends\",\"publisher\":{\"@id\":\"https:\/\/praiapiscina.pt\/#organization\"},\"potentialAction\":[{\"@type\":\"SearchAction\",\"target\":{\"@type\":\"EntryPoint\",\"urlTemplate\":\"https:\/\/praiapiscina.pt\/?s={search_term_string}\"},\"query-input\":{\"@type\":\"PropertyValueSpecification\",\"valueRequired\":true,\"valueName\":\"search_term_string\"}}],\"inLanguage\":\"fr-FR\"},{\"@type\":\"Organization\",\"@id\":\"https:\/\/praiapiscina.pt\/#organization\",\"name\":\"Praia Piscina\",\"url\":\"https:\/\/praiapiscina.pt\/\",\"logo\":{\"@type\":\"ImageObject\",\"inLanguage\":\"fr-FR\",\"@id\":\"https:\/\/praiapiscina.pt\/#\/schema\/logo\/image\/\",\"url\":\"https:\/\/praiapiscina.pt\/app\/uploads\/2023\/07\/logo.svg\",\"contentUrl\":\"https:\/\/praiapiscina.pt\/app\/uploads\/2023\/07\/logo.svg\",\"width\":280,\"height\":59,\"caption\":\"Praia Piscina\"},\"image\":{\"@id\":\"https:\/\/praiapiscina.pt\/#\/schema\/logo\/image\/\"},\"sameAs\":[\"https:\/\/www.instagram.com\/praia_piscina_lisboa\"],\"description\":\"Piscina is located at the foot of the Fonte da Telha cliffs, a short 30-minute drive from Lisbon. Facing the ocean, it\u2019s the best spot for chilling out, surfing and enjoying the beach with family and friends.\"}]}<\/script>\n<!-- \/ Yoast SEO Premium plugin. -->","yoast_head_json":{"title":"Praia Piscina - Bienvenue","description":"Piscina is located at the foot of the Fonte da Telha cliffs, a short 30-minute drive from Lisbon. Facing the ocean, it\u2019s the best spot for chilling out, surfing and enjoying the beach with family and friends.","robots":{"index":"index","follow":"follow","max-snippet":"max-snippet:-1","max-image-preview":"max-image-preview:large","max-video-preview":"max-video-preview:-1"},"canonical":"https:\/\/praiapiscina.pt\/fr\/","og_locale":"fr_FR","og_type":"article","og_title":"Home","og_description":"Piscina is located at the foot of the Fonte da Telha cliffs, a short 30-minute drive from Lisbon. Facing the ocean, it\u2019s the best spot for chilling out, surfing and enjoying the beach with family and friends.","og_url":"https:\/\/praiapiscina.pt\/fr\/","og_site_name":"Praia Piscina","article_modified_time":"2025-12-12T10:53:29+00:00","twitter_card":"summary_large_image","schema":{"@context":"https:\/\/schema.org","@graph":[{"@type":"WebPage","@id":"https:\/\/praiapiscina.pt\/fr\/","url":"https:\/\/praiapiscina.pt\/fr\/","name":"Praia Piscina - Bienvenue","isPartOf":{"@id":"https:\/\/praiapiscina.pt\/#website"},"datePublished":"2023-06-07T07:53:00+00:00","dateModified":"2025-12-12T10:53:29+00:00","description":"Piscina is located at the foot of the Fonte da Telha cliffs, a short 30-minute drive from Lisbon. Facing the ocean, it\u2019s the best spot for chilling out, surfing and enjoying the beach with family and friends.","breadcrumb":{"@id":"https:\/\/praiapiscina.pt\/fr\/#breadcrumb"},"inLanguage":"fr-FR","potentialAction":[{"@type":"ReadAction","target":["https:\/\/praiapiscina.pt\/fr\/"]}]},{"@type":"BreadcrumbList","@id":"https:\/\/praiapiscina.pt\/fr\/#breadcrumb","itemListElement":[{"@type":"ListItem","position":1,"name":"Accueil","item":"https:\/\/praiapiscina.pt\/fr\/"},{"@type":"ListItem","position":2,"name":"Home"}]},{"@type":"WebSite","@id":"https:\/\/praiapiscina.pt\/#website","url":"https:\/\/praiapiscina.pt\/","name":"Praia Piscina","description":"Enjoying life by the ocean with family &amp; friends","publisher":{"@id":"https:\/\/praiapiscina.pt\/#organization"},"potentialAction":[{"@type":"SearchAction","target":{"@type":"EntryPoint","urlTemplate":"https:\/\/praiapiscina.pt\/?s={search_term_string}"},"query-input":{"@type":"PropertyValueSpecification","valueRequired":true,"valueName":"search_term_string"}}],"inLanguage":"fr-FR"},{"@type":"Organization","@id":"https:\/\/praiapiscina.pt\/#organization","name":"Praia Piscina","url":"https:\/\/praiapiscina.pt\/","logo":{"@type":"ImageObject","inLanguage":"fr-FR","@id":"https:\/\/praiapiscina.pt\/#\/schema\/logo\/image\/","url":"https:\/\/praiapiscina.pt\/app\/uploads\/2023\/07\/logo.svg","contentUrl":"https:\/\/praiapiscina.pt\/app\/uploads\/2023\/07\/logo.svg","width":280,"height":59,"caption":"Praia Piscina"},"image":{"@id":"https:\/\/praiapiscina.pt\/#\/schema\/logo\/image\/"},"sameAs":["https:\/\/www.instagram.com\/praia_piscina_lisboa"],"description":"Piscina is located at the foot of the Fonte da Telha cliffs, a short 30-minute drive from Lisbon. Facing the ocean, it\u2019s the best spot for chilling out, surfing and enjoying the beach with family and friends."}]}},"_links":{"self":[{"href":"https:\/\/praiapiscina.pt\/fr\/wp-json\/wp\/v2\/pages\/353","targetHints":{"allow":["GET"]}}],"collection":[{"href":"https:\/\/praiapiscina.pt\/fr\/wp-json\/wp\/v2\/pages"}],"about":[{"href":"https:\/\/praiapiscina.pt\/fr\/wp-json\/wp\/v2\/types\/page"}],"author":[{"embeddable":true,"href":"https:\/\/praiapiscina.pt\/fr\/wp-json\/wp\/v2\/users\/1"}],"replies":[{"embeddable":true,"href":"https:\/\/praiapiscina.pt\/fr\/wp-json\/wp\/v2\/comments?post=353"}],"version-history":[{"count":5,"href":"https:\/\/praiapiscina.pt\/fr\/wp-json\/wp\/v2\/pages\/353\/revisions"}],"predecessor-version":[{"id":226534,"href":"https:\/\/praiapiscina.pt\/fr\/wp-json\/wp\/v2\/pages\/353\/revisions\/226534"}],"wp:attachment":[{"href":"https:\/\/praiapiscina.pt\/fr\/wp-json\/wp\/v2\/media?parent=353"}],"curies":[{"name":"wp","href":"https:\/\/api.w.org\/{rel}","templated":true}]}}