{"id":17,"date":"2023-06-07T09:53:00","date_gmt":"2023-06-07T07:53:00","guid":{"rendered":"https:\/\/praiapiscina.pt\/home\/"},"modified":"2025-12-12T11:57:23","modified_gmt":"2025-12-12T10:57:23","slug":"home","status":"publish","type":"page","link":"https:\/\/praiapiscina.pt\/pt-pt\/","title":{"rendered":"Home"},"content":{"rendered":"<div id=\"diaporama\" class=\"wp-block-diaporama relative h-[100vh] w-[100vw] max-w-full overflow-hidden z-30 bg-piscina\">\n            <div class=\"w-full h-full slider-flickity\"\n            data-flickity='{ \"setGallerySize\": false, \"autoPlay\": 3500, \"pauseAutoPlayOnHover\": false, \"wrapAround\": true, \"prevNextButtons\": false, \"pageDots\": false, \"fade\": true, \"imagesLoaded\": true, \"lazyLoad\": true }'>\n                            <img data-flickity-lazyload=\"https:\/\/praiapiscina.pt\/app\/uploads\/2023\/07\/Piscina_carrousel-1.jpg\" alt=\"\"\n                    class=\"border-none not-rounded object-cover w-full h-full z-30\" fetchpriority=\"high\">\n                            <img data-flickity-lazyload=\"https:\/\/praiapiscina.pt\/app\/uploads\/2023\/07\/Piscina_carrousel-2.jpg\" alt=\"\"\n                    class=\"border-none not-rounded object-cover w-full h-full z-30\" fetchpriority=\"high\">\n                            <img data-flickity-lazyload=\"https:\/\/praiapiscina.pt\/app\/uploads\/2023\/07\/Piscina_carrousel-3.jpg\" alt=\"\"\n                    class=\"border-none not-rounded object-cover w-full h-full z-30\" fetchpriority=\"high\">\n                            <img data-flickity-lazyload=\"https:\/\/praiapiscina.pt\/app\/uploads\/2023\/07\/Piscina_carrousel-4.jpg\" alt=\"\"\n                    class=\"border-none not-rounded object-cover w-full h-full z-30\" fetchpriority=\"high\">\n                            <img data-flickity-lazyload=\"https:\/\/praiapiscina.pt\/app\/uploads\/2023\/07\/Piscina_carrousel-5.jpg\" alt=\"\"\n                    class=\"border-none not-rounded object-cover w-full h-full z-30\" fetchpriority=\"high\">\n                            <img data-flickity-lazyload=\"https:\/\/praiapiscina.pt\/app\/uploads\/2023\/07\/Piscina_carrousel-6.jpg\" alt=\"\"\n                    class=\"border-none not-rounded object-cover w-full h-full z-30\" fetchpriority=\"high\">\n                            <img data-flickity-lazyload=\"https:\/\/praiapiscina.pt\/app\/uploads\/2023\/07\/Piscina_carrousel-7.jpg\" alt=\"\"\n                    class=\"border-none not-rounded object-cover w-full h-full z-30\" fetchpriority=\"high\">\n                            <img data-flickity-lazyload=\"https:\/\/praiapiscina.pt\/app\/uploads\/2023\/07\/Piscina_carrousel-8.jpg\" alt=\"\"\n                    class=\"border-none not-rounded object-cover w-full h-full z-30\" fetchpriority=\"high\">\n                            <img data-flickity-lazyload=\"https:\/\/praiapiscina.pt\/app\/uploads\/2023\/07\/Piscina_carrousel-9.jpg\" alt=\"\"\n                    class=\"border-none not-rounded object-cover w-full h-full z-30\" fetchpriority=\"high\">\n                            <img data-flickity-lazyload=\"https:\/\/praiapiscina.pt\/app\/uploads\/2023\/07\/Piscina_carrousel-10.jpg\" alt=\"\"\n                    class=\"border-none not-rounded object-cover w-full h-full z-30\" fetchpriority=\"high\">\n                    <\/div>\n    \n    <img decoding=\"async\" src=\"https:\/\/praiapiscina.pt\/app\/themes\/piscina\/public\/images\/logo-white.e719c4.svg\" alt=\"Logo Piscina\" class=\" z-50 max-w-[80%] absolute left-0 right-0 top-0 bottom-0 m-auto\" fetchpriority=\"high\">\n\n<\/div>\n\n\n<div class=\"z-30 justify-center w-full md:sticky md:top-0 bg-piscina md:flex md:flex-col \">\n\n    <a class=\"flex justify-start ml-10 [@media(max-width:965px)]:opacity-0 [@media(min-width:1765px)]:ml-0 [@media(min-width:1765px)]:justify-center \" href=\"https:\/\/praiapiscina.pt\/pt-pt\/\">\n        <img decoding=\"async\" src=\"https:\/\/praiapiscina.pt\/app\/themes\/piscina\/public\/images\/logo.461efd.svg\" alt=\"Logo\" class=\"mt-[35px] mb-5 not-rounded \">\n    <\/a>\n\n    <div class=\"justify-center hidden md:flex \">\n        <ul id=\"nav-menu\"\n    class=\"m-auto h-full w-auto flex-wrap justify-center space-y-7 p-5 child:child:text-sm child:child:font-semibold child:child:uppercase md:inline-flex md:space-x-7 md:space-y-0 md:border-b-[1px] md:border-piscina-blue xl:px-24\">\n    <li><a href=\"https:\/\/praiapiscina.pt\/pt-pt\/#home\" class=\"hover:text-piscina-green\">Home<\/a><\/li>\n    <li><a href=\"https:\/\/praiapiscina.pt\/pt-pt\/#restaurant\" class=\"hover:text-piscina-green\">Restaurante<\/a><\/li>\n    \n    <li><a href=\"https:\/\/praiapiscina.pt\/pt-pt\/#beach\" class=\"hover:text-piscina-green\">Praia<\/a><\/li>\n    <li><a href=\"https:\/\/praiapiscina.pt\/pt-pt\/#surf\" class=\"hover:text-piscina-green\">Escola de Surf<\/a><\/li>\n    <li><a href=\"https:\/\/praiapiscina.pt\/pt-pt\/#events\" class=\"hover:text-piscina-green\">Eventos<\/a><\/li>\n    <li><a href=\"https:\/\/praiapiscina.pt\/pt-pt\/galeria\/\" class=\"hover:text-piscina-green\">Galeria<\/a><\/li>\n    <li><a href=\"https:\/\/praiapiscina.pt\/pt-pt\/contate-nos\/\" class=\"hover:text-piscina-green\">Contato<\/a><\/li>\n    <li><a href=\"https:\/\/praiapiscina.pt\/pt-pt\/#shop\" class=\"hover:text-piscina-green\">Loja<\/a><\/li>\n    <li>\n                            <a href=\"https:\/\/praiapiscina.pt\/\"\n                >en<\/a>\n                            |\n                                <a href=\"https:\/\/praiapiscina.pt\/pt-pt\/\"\n                 class=\" !font-normal\" >pt<\/a>\n                            |\n                                <a href=\"https:\/\/praiapiscina.pt\/fr\/\"\n                >fr<\/a>\n                        <\/li>\n<\/ul>\n    <\/div>\n\n<\/div>\n\n<div class=\"fixed bottom-0 right-0 z-20 flex justify-end\">\n    <a href=\"https:\/\/praiapiscina.pt\/pt-pt\/#diaporama\" class=\"flex items-center m-5 text-sm font-semibold uppercase z-1 hover:underline\">\n        <span class=\"hidden md:inline\">Voltar ao Topo<\/span>\n        <img decoding=\"async\" src=\"https:\/\/praiapiscina.pt\/app\/themes\/piscina\/public\/images\/icon-up.fbfbec.svg\" alt=\"Voltar ao Topo\" class=\"ml-2 not-rounded\"><\/a>\n<\/div>\n\n\n<div id=\"home\" class=\"wp-block-intro section mt-[60px] md:mt-[150px]\">\n\n    <h2>\n      Aproveite a vida \u00e0 Beira-Mar <span> com a fam\u00edlia e os amigos<\/span>\n    <\/h2>\n\n    <div\n        class=\"flex flex-col md:flex-row md:space-x-5 max-w-[1080px]\n    child:flex child:flex-col-reverse child:md:flex-col child:w-full child:md:w-1\/2\">\n\n        <div class=\"items-center justify-start md:items-end md:pt-10 child:mb-5\">\n\n            <img decoding=\"async\" src=\"https:\/\/praiapiscina.pt\/app\/uploads\/2025\/12\/2025-12-21-Piscina-section1-01-aerial-view.jpg\" alt=\"\" class=\"bordered\">\n            <img decoding=\"async\" src=\"https:\/\/praiapiscina.pt\/app\/uploads\/2023\/07\/Piscina_intro-2-1.jpg\" alt=\"\" class=\"bordered\">\n        <\/div>\n\n        <div class=\"items-center m-0 md:items-start child:mb-5\">\n\n            <div class=\"md:ml-20 md:mb-16\">\n                <p>O nosso espa\u00e7o est\u00e1 situado ao p\u00e9 das fal\u00e9sias da Fonte da Telha, a apenas 30 minutos de carro de Lisboa. Com vista para o oceano, \u00e9 o local perfeito para relaxar, surfar e aproveitar a praia com a fam\u00edlia e amigos.<\/p>\n\n                <div class=\"mt-5 buttons\">\n                    <a href=\"https:\/\/praiapiscina.pt\/pt-pt\/galeria\/\"\n                        class=\"btn\">GALERIA DE FOTOS<\/a>\n                    <a href=\"https:\/\/praiapiscina.pt\/pt-pt\/contate-nos\/\"\n                        class=\"btn btn-transp\">CONTACTE-NOS<\/a>\n                <\/div>\n            <\/div>\n\n            <img decoding=\"async\" src=\"https:\/\/praiapiscina.pt\/app\/uploads\/2023\/07\/Piscina_intro-1.jpg\" alt=\"\" class=\"object-none md:mt-5 bordered\">\n\n        <\/div>\n    <\/div>\n\n    <div>\n        \n    <\/div>\n<\/div>\n\n\n<div id=\"restaurant\" class=\"wp-block-restaurant section\">\n\n    <h2>\n        <span>Hora do almo\u00e7o?<\/span>\n        Cozinhamos alimentos frescos e locais\n    <\/h2>\n\n            <div class=\"w-full slider-flickity\"\n            data-flickity='{ \"contain\": true, \"autoPlay\": true, \"wrapAround\": true, \"cellAlign\": \"center\", \"imagesLoaded\": true, \"percentPosition\": false }'>\n                            <img decoding=\"async\" src=\"https:\/\/praiapiscina.pt\/app\/uploads\/2025\/12\/2025-12-21-Piscina-slider-01-seafood.png\" alt=\"\"\n                    class=\"slider-flickity-image h-[320px] md:h-[520px] w-auto m-1 border-none\">\n                            <img decoding=\"async\" src=\"https:\/\/praiapiscina.pt\/app\/uploads\/2025\/12\/2025-12-21-Piscina-slider-11-cocktail.png\" alt=\"\"\n                    class=\"slider-flickity-image h-[320px] md:h-[520px] w-auto m-1 border-none\">\n                            <img decoding=\"async\" src=\"https:\/\/praiapiscina.pt\/app\/uploads\/2025\/12\/2025-12-21-Piscina-slider-10-food.png\" alt=\"\"\n                    class=\"slider-flickity-image h-[320px] md:h-[520px] w-auto m-1 border-none\">\n                            <img decoding=\"async\" src=\"https:\/\/praiapiscina.pt\/app\/uploads\/2025\/12\/2025-12-21-Piscina-slider-06-table.png\" alt=\"\"\n                    class=\"slider-flickity-image h-[320px] md:h-[520px] w-auto m-1 border-none\">\n                            <img decoding=\"async\" src=\"https:\/\/praiapiscina.pt\/app\/uploads\/2025\/12\/2025-12-21-Piscina-slider-09-meat-scaled.jpg\" alt=\"\"\n                    class=\"slider-flickity-image h-[320px] md:h-[520px] w-auto m-1 border-none\">\n                            <img decoding=\"async\" src=\"https:\/\/praiapiscina.pt\/app\/uploads\/2025\/12\/2025-12-21-Piscina-slider-08-sashimis-scaled.jpg\" alt=\"\"\n                    class=\"slider-flickity-image h-[320px] md:h-[520px] w-auto m-1 border-none\">\n                            <img decoding=\"async\" src=\"https:\/\/praiapiscina.pt\/app\/uploads\/2025\/12\/2025-12-21-Piscina-slider-07-shells.png\" alt=\"\"\n                    class=\"slider-flickity-image h-[320px] md:h-[520px] w-auto m-1 border-none\">\n                            <img decoding=\"async\" src=\"https:\/\/praiapiscina.pt\/app\/uploads\/2025\/12\/2025-12-21-Piscina-slider-05-sushis-scaled.jpg\" alt=\"\"\n                    class=\"slider-flickity-image h-[320px] md:h-[520px] w-auto m-1 border-none\">\n                            <img decoding=\"async\" src=\"https:\/\/praiapiscina.pt\/app\/uploads\/2025\/12\/2025-12-21-Piscina-slider-04-people-scaled.jpg\" alt=\"\"\n                    class=\"slider-flickity-image h-[320px] md:h-[520px] w-auto m-1 border-none\">\n                            <img decoding=\"async\" src=\"https:\/\/praiapiscina.pt\/app\/uploads\/2025\/12\/2025-12-21-Piscina-slider-03-shrimps-scaled.jpg\" alt=\"\"\n                    class=\"slider-flickity-image h-[320px] md:h-[520px] w-auto m-1 border-none\">\n                            <img decoding=\"async\" src=\"https:\/\/praiapiscina.pt\/app\/uploads\/2025\/12\/2025-12-21-Piscina-slider-02-chef-scaled.jpg\" alt=\"\"\n                    class=\"slider-flickity-image h-[320px] md:h-[520px] w-auto m-1 border-none\">\n                    <\/div>\n    \n    <div class=\"max-w-[900px] mt-20 md:text-center\">\n        No PISCINA, nosso foco est\u00e1 nos ingredientes frescos e locais. Desfrute de uma variedade de entradas, carnes grelhadas, pratos vegetarianos, sushi, saladas feitas com legumes da esta\u00e7\u00e3o e sobremesas caseiras. <br><br>\u00c0 medida que o sol se p\u00f5e, relaxe com os nossos Cocktails e aproveite o melhor p\u00f4r-do-sol.\n    <\/div>\n\n    <div class=\"buttons\">\n        <a href=\"https:\/\/praiapiscina.pt\/app\/uploads\/2025\/04\/Praia-Piscina-Menu-PT.pdf\" target=\"_blank\"\n            class=\"btn\">Menu<\/a>\n        <a href=\"https:\/\/praiapiscina.pt\/pt-pt\/book-a-table\/\"\n            class=\"btn btn-transp\">Reservar Mesa<\/a>\n    <\/div>\n\n    <div>\n        \n    <\/div>\n<\/div>\n\n\n<div class=\"wp-block-surf section section-col mx-auto max-w-[1080px]\">\n\n    <h2>\n        <span>Voc\u00ea n\u00e3o gosta apenas de comida?<\/span>\n        Tornamos seu dia inesquec\u00edvel\n    <\/h2>\n\n    <div id=\"beach\" class=\"mb-20 flex flex-col child:m-5 md:mb-5 md:flex-row md:space-x-5 child:md:w-1\/2\">\n        <div class=\"content flex flex-col justify-center xl:pl-20\">\n            <h3>Aproveite nosso lounge na praia.<\/h3><p>Relaxe em uma espregui\u00e7adeira, surfe nas famosas ondas do Atl\u00e2ntico, caminhe pela praia, mergulhe no oceano, voc\u00ea est\u00e1 no lugar ideal.<\/p>\n        <\/div>\n        <img decoding=\"async\" src=\"https:\/\/praiapiscina.pt\/app\/uploads\/2025\/12\/2025-11-25-Piscina-08-beach-2-scaled.jpg\" alt=\"\" class=\"bordered h-[100%] w-auto\">\n    <\/div>\n\n    <div id=\"surf\" class=\"mb-20 flex flex-col child:m-5 md:mb-5 md:flex-row md:space-x-5 child:md:w-1\/2\">\n        <img decoding=\"async\" src=\"https:\/\/praiapiscina.pt\/app\/uploads\/2025\/12\/2025-11-25-Piscina-17-surfers-2-scaled.jpg\" alt=\"\" class=\"bordered h-[100%] w-auto\">\n        <div class=\"content flex flex-col justify-center xl:pl-20\">\n            <h3>Fa\u00e7a uma aula de surfe incr\u00edvel<\/h3><p>Em colabora\u00e7\u00e3o com Tiago Pires, o primeiro surfista portugu\u00eas a qualificar-se para o WSL Elite Tour, a nossa escola de surf oferece condi\u00e7\u00f5es fant\u00e1sticas para desenvolver a sua pr\u00e1tica de surf, com amigos, empresa ou familiares fa\u00e7a a sua sess\u00e3o de surf.<\/p>\n            <div class=\"buttons mt-5\">\n                <a href=\"https:\/\/www.tiagopiressurfschool.com\/\" target=\"_blank\"\n                    class=\"btn btn-transp\">Mais informa\u00e7\u00f5es<\/a>\n            <\/div>\n        <\/div>\n    <\/div>\n\n    <div id=\"shop\" class=\"mb-5 flex flex-col-reverse child:m-5 md:flex-row md:space-x-5 child:md:w-1\/2\">\n        <div class=\"content flex flex-col justify-center md:items-end md:text-right xl:pr-20\">\n            <h3>Encontre a sua pe\u00e7a Piscina na nossa Loja<\/h3><p>Bon\u00e9s coloridos, toalhas, kimonos\u2026compre na nossa loja pe\u00e7as exclusivas para uma ver\u00e3o com um toque especial do Piscina.<\/p>\n\n            \n\n        <\/div>\n        <img decoding=\"async\" src=\"https:\/\/praiapiscina.pt\/app\/uploads\/2025\/12\/2025-11-25-Piscina-01-shop-1.jpg\" alt=\"\" class=\"bordered h-[100%] w-auto\">\n    <\/div>\n\n    <div>\n        \n    <\/div>\n<\/div>\n\n\n<div id=\"events\" class=\"wp-block-events section section-col\">\n\n    <div\n        class=\"flex flex-col-reverse xl:flex-row max-w-[100%] xl:max-w-[1080px] xl:space-x-5 child:flex child:flex-col child:xl:w-1\/2\">\n\n        <div class=\"xl:items-end xl:justify-start xl:pt-80  child:mb-5\">\n            <img decoding=\"async\" src=\"https:\/\/praiapiscina.pt\/app\/uploads\/2023\/07\/Piscina_events.jpg\" alt=\"\" class=\"bordered\">\n            <img decoding=\"async\" src=\"https:\/\/praiapiscina.pt\/app\/uploads\/2023\/06\/Events-1.jpeg\" alt=\"\" class=\"bordered\">\n        <\/div>\n\n        <div class=\"xl:items-start\">\n\n            <h2 class=\" xl:ml-20 xl:text-left\">\n                <span>Algo s\u00f3 para voc\u00ea?<\/span>\n                Eventos\n            <\/h2>\n\n            <div class=\" xl:ml-20 mb-16\">\n                <p>A PISCINA \u00e9 o cen\u00e1rio perfeito para o seu pr\u00f3ximo evento inesquec\u00edvel (corporativo, festas, casamentos) em um ambiente id\u00edlico. Sugerimos que reserve um espa\u00e7o dedicado ou at\u00e9 mesmo escolha uma privatiza\u00e7\u00e3o total do local. Trabalhamos com parceiros talentosos para lhe oferecer um pacote pronto para uso, incluindo log\u00edstica, decora\u00e7\u00e3o, card\u00e1pio sob medida e reserva de DJ. Para qualquer evento de 30 convidados ou mais.<\/p>\n\n                <div class=\"buttons\">\n                                      <a href=\"https:\/\/praiapiscina.pt\/pt-pt\/contate-nos\/\" class=\"btn\">CONTACTE-NOS<\/a>\n                <\/div>\n            <\/div>\n\n            <img decoding=\"async\" src=\"https:\/\/praiapiscina.pt\/app\/uploads\/2023\/06\/Events-3.jpeg\" alt=\"\" class=\" mb-5 xl:mb-0 mt-5 bordered\">\n        <\/div>\n\n    <\/div>\n\n    <div>\n        \n    <\/div>\n<\/div>\n\n\n<div id=\"contact\" class=\"wp-block-contact section section-col mx-0 md:mb-24\">\n\n    <h2>\n        <span>Apenas 30 minutos de carro de Lisboa<\/span>\n        Estamos \u00e0 sua espera!\n    <\/h2>\n\n    <img decoding=\"async\" src=\"https:\/\/praiapiscina.pt\/app\/themes\/piscina\/public\/images\/map.9b30df.png\" alt=\"Map\" class=\"w-auto max-w-full not-rounded\">\n\n    <div\n        class=\"flex flex-col items-center justify-center mt-5 space-y-5 lg:flex-row md:items-start lg:space-y-0 lg:space-x-16 xl:space-x-32 lg:mt-20 child:font-semibold child:flex child:flex-col child:justify-start\">\n        <div class=\"text-center lg:text-left\">\n\n          <a href=\"https:\/\/maps.app.goo.gl\/4R2y7ikS45cSpWVN8?g_st=ic\" target=\"_blank\" class=\"\">\n            PISCINA <br>\n            Av. Vasco da Gama, <br>\n            2825-486 Fonte da Telha <br>\n            Portugal <br> <br>\n          <\/a>\n\n            <div class=\"buttons\">\n                <a href=\"https:\/\/maps.app.goo.gl\/4R2y7ikS45cSpWVN8?g_st=ic\" target=\"_blank\" class=\"btn btn-transp\">VISUALIZAR NO GOOGLE MAPS<\/a>\n            <\/div>\n        <\/div>\n        <div>\n            Para eventos <a href=\"mailto:contact@praiapiscina.pt\"\n                class=\"underline\">contact@praiapiscina.pt<\/a>\n            <br><br>\n            \n        <\/div>\n        <div>\n            <a href=\"https:\/\/www.instagram.com\/praia_piscina_lisboa\" class=\"flex items-center underline\"> <img decoding=\"async\"\n                    src=\"https:\/\/praiapiscina.pt\/app\/themes\/piscina\/public\/images\/icon-insta.c07841.svg\" alt=\"Instagram\" class=\"mr-2 not-rounded\">\n                @praia_piscina_lisboa<\/a>\n        <\/div>\n    <\/div>\n\n\n    <div>\n        \n    <\/div>\n<\/div>\n","protected":false},"excerpt":{"rendered":"","protected":false},"author":1,"featured_media":0,"parent":0,"menu_order":0,"comment_status":"closed","ping_status":"closed","template":"","meta":{"_acf_changed":false,"inline_featured_image":false,"footnotes":""},"class_list":["post-17","page","type-page","status-publish","hentry"],"acf":[],"yoast_head":"<!-- This site is optimized with the Yoast SEO Premium plugin v26.3 (Yoast SEO v26.4) - https:\/\/yoast.com\/wordpress\/plugins\/seo\/ -->\n<title>Praia Piscina - Bem-vindo<\/title>\n<meta name=\"description\" content=\"Piscina is located at the foot of the Fonte da Telha cliffs, a short 30-minute drive from Lisbon. Facing the ocean, it\u2019s the best spot for chilling out, surfing and enjoying the beach with family and friends.\" \/>\n<meta name=\"robots\" content=\"index, follow, max-snippet:-1, max-image-preview:large, max-video-preview:-1\" \/>\n<link rel=\"canonical\" href=\"https:\/\/praiapiscina.pt\/pt-pt\/\" \/>\n<meta property=\"og:locale\" content=\"pt_PT\" \/>\n<meta property=\"og:type\" content=\"article\" \/>\n<meta property=\"og:title\" content=\"Home\" \/>\n<meta property=\"og:description\" content=\"Piscina is located at the foot of the Fonte da Telha cliffs, a short 30-minute drive from Lisbon. Facing the ocean, it\u2019s the best spot for chilling out, surfing and enjoying the beach with family and friends.\" \/>\n<meta property=\"og:url\" content=\"https:\/\/praiapiscina.pt\/pt-pt\/\" \/>\n<meta property=\"og:site_name\" content=\"Praia Piscina\" \/>\n<meta property=\"article:modified_time\" content=\"2025-12-12T10:57:23+00:00\" \/>\n<meta name=\"twitter:card\" content=\"summary_large_image\" \/>\n<script type=\"application\/ld+json\" class=\"yoast-schema-graph\">{\"@context\":\"https:\/\/schema.org\",\"@graph\":[{\"@type\":\"WebPage\",\"@id\":\"https:\/\/praiapiscina.pt\/pt-pt\/\",\"url\":\"https:\/\/praiapiscina.pt\/pt-pt\/\",\"name\":\"Praia Piscina - Bem-vindo\",\"isPartOf\":{\"@id\":\"https:\/\/praiapiscina.pt\/#website\"},\"datePublished\":\"2023-06-07T07:53:00+00:00\",\"dateModified\":\"2025-12-12T10:57:23+00:00\",\"description\":\"Piscina is located at the foot of the Fonte da Telha cliffs, a short 30-minute drive from Lisbon. Facing the ocean, it\u2019s the best spot for chilling out, surfing and enjoying the beach with family and friends.\",\"breadcrumb\":{\"@id\":\"https:\/\/praiapiscina.pt\/pt-pt\/#breadcrumb\"},\"inLanguage\":\"pt-PT\",\"potentialAction\":[{\"@type\":\"ReadAction\",\"target\":[\"https:\/\/praiapiscina.pt\/pt-pt\/\"]}]},{\"@type\":\"BreadcrumbList\",\"@id\":\"https:\/\/praiapiscina.pt\/pt-pt\/#breadcrumb\",\"itemListElement\":[{\"@type\":\"ListItem\",\"position\":1,\"name\":\"Accueil\",\"item\":\"https:\/\/praiapiscina.pt\/pt-pt\/\"},{\"@type\":\"ListItem\",\"position\":2,\"name\":\"Home\"}]},{\"@type\":\"WebSite\",\"@id\":\"https:\/\/praiapiscina.pt\/#website\",\"url\":\"https:\/\/praiapiscina.pt\/\",\"name\":\"Praia Piscina\",\"description\":\"Enjoying life by the ocean with family &amp; friends\",\"publisher\":{\"@id\":\"https:\/\/praiapiscina.pt\/#organization\"},\"potentialAction\":[{\"@type\":\"SearchAction\",\"target\":{\"@type\":\"EntryPoint\",\"urlTemplate\":\"https:\/\/praiapiscina.pt\/?s={search_term_string}\"},\"query-input\":{\"@type\":\"PropertyValueSpecification\",\"valueRequired\":true,\"valueName\":\"search_term_string\"}}],\"inLanguage\":\"pt-PT\"},{\"@type\":\"Organization\",\"@id\":\"https:\/\/praiapiscina.pt\/#organization\",\"name\":\"Praia Piscina\",\"url\":\"https:\/\/praiapiscina.pt\/\",\"logo\":{\"@type\":\"ImageObject\",\"inLanguage\":\"pt-PT\",\"@id\":\"https:\/\/praiapiscina.pt\/#\/schema\/logo\/image\/\",\"url\":\"https:\/\/praiapiscina.pt\/app\/uploads\/2023\/07\/logo.svg\",\"contentUrl\":\"https:\/\/praiapiscina.pt\/app\/uploads\/2023\/07\/logo.svg\",\"width\":280,\"height\":59,\"caption\":\"Praia Piscina\"},\"image\":{\"@id\":\"https:\/\/praiapiscina.pt\/#\/schema\/logo\/image\/\"},\"sameAs\":[\"https:\/\/www.instagram.com\/praia_piscina_lisboa\"],\"description\":\"Piscina is located at the foot of the Fonte da Telha cliffs, a short 30-minute drive from Lisbon. Facing the ocean, it\u2019s the best spot for chilling out, surfing and enjoying the beach with family and friends.\"}]}<\/script>\n<!-- \/ Yoast SEO Premium plugin. -->","yoast_head_json":{"title":"Praia Piscina - Bem-vindo","description":"Piscina is located at the foot of the Fonte da Telha cliffs, a short 30-minute drive from Lisbon. Facing the ocean, it\u2019s the best spot for chilling out, surfing and enjoying the beach with family and friends.","robots":{"index":"index","follow":"follow","max-snippet":"max-snippet:-1","max-image-preview":"max-image-preview:large","max-video-preview":"max-video-preview:-1"},"canonical":"https:\/\/praiapiscina.pt\/pt-pt\/","og_locale":"pt_PT","og_type":"article","og_title":"Home","og_description":"Piscina is located at the foot of the Fonte da Telha cliffs, a short 30-minute drive from Lisbon. Facing the ocean, it\u2019s the best spot for chilling out, surfing and enjoying the beach with family and friends.","og_url":"https:\/\/praiapiscina.pt\/pt-pt\/","og_site_name":"Praia Piscina","article_modified_time":"2025-12-12T10:57:23+00:00","twitter_card":"summary_large_image","schema":{"@context":"https:\/\/schema.org","@graph":[{"@type":"WebPage","@id":"https:\/\/praiapiscina.pt\/pt-pt\/","url":"https:\/\/praiapiscina.pt\/pt-pt\/","name":"Praia Piscina - Bem-vindo","isPartOf":{"@id":"https:\/\/praiapiscina.pt\/#website"},"datePublished":"2023-06-07T07:53:00+00:00","dateModified":"2025-12-12T10:57:23+00:00","description":"Piscina is located at the foot of the Fonte da Telha cliffs, a short 30-minute drive from Lisbon. Facing the ocean, it\u2019s the best spot for chilling out, surfing and enjoying the beach with family and friends.","breadcrumb":{"@id":"https:\/\/praiapiscina.pt\/pt-pt\/#breadcrumb"},"inLanguage":"pt-PT","potentialAction":[{"@type":"ReadAction","target":["https:\/\/praiapiscina.pt\/pt-pt\/"]}]},{"@type":"BreadcrumbList","@id":"https:\/\/praiapiscina.pt\/pt-pt\/#breadcrumb","itemListElement":[{"@type":"ListItem","position":1,"name":"Accueil","item":"https:\/\/praiapiscina.pt\/pt-pt\/"},{"@type":"ListItem","position":2,"name":"Home"}]},{"@type":"WebSite","@id":"https:\/\/praiapiscina.pt\/#website","url":"https:\/\/praiapiscina.pt\/","name":"Praia Piscina","description":"Enjoying life by the ocean with family &amp; friends","publisher":{"@id":"https:\/\/praiapiscina.pt\/#organization"},"potentialAction":[{"@type":"SearchAction","target":{"@type":"EntryPoint","urlTemplate":"https:\/\/praiapiscina.pt\/?s={search_term_string}"},"query-input":{"@type":"PropertyValueSpecification","valueRequired":true,"valueName":"search_term_string"}}],"inLanguage":"pt-PT"},{"@type":"Organization","@id":"https:\/\/praiapiscina.pt\/#organization","name":"Praia Piscina","url":"https:\/\/praiapiscina.pt\/","logo":{"@type":"ImageObject","inLanguage":"pt-PT","@id":"https:\/\/praiapiscina.pt\/#\/schema\/logo\/image\/","url":"https:\/\/praiapiscina.pt\/app\/uploads\/2023\/07\/logo.svg","contentUrl":"https:\/\/praiapiscina.pt\/app\/uploads\/2023\/07\/logo.svg","width":280,"height":59,"caption":"Praia Piscina"},"image":{"@id":"https:\/\/praiapiscina.pt\/#\/schema\/logo\/image\/"},"sameAs":["https:\/\/www.instagram.com\/praia_piscina_lisboa"],"description":"Piscina is located at the foot of the Fonte da Telha cliffs, a short 30-minute drive from Lisbon. Facing the ocean, it\u2019s the best spot for chilling out, surfing and enjoying the beach with family and friends."}]}},"_links":{"self":[{"href":"https:\/\/praiapiscina.pt\/pt-pt\/wp-json\/wp\/v2\/pages\/17","targetHints":{"allow":["GET"]}}],"collection":[{"href":"https:\/\/praiapiscina.pt\/pt-pt\/wp-json\/wp\/v2\/pages"}],"about":[{"href":"https:\/\/praiapiscina.pt\/pt-pt\/wp-json\/wp\/v2\/types\/page"}],"author":[{"embeddable":true,"href":"https:\/\/praiapiscina.pt\/pt-pt\/wp-json\/wp\/v2\/users\/1"}],"replies":[{"embeddable":true,"href":"https:\/\/praiapiscina.pt\/pt-pt\/wp-json\/wp\/v2\/comments?post=17"}],"version-history":[{"count":4,"href":"https:\/\/praiapiscina.pt\/pt-pt\/wp-json\/wp\/v2\/pages\/17\/revisions"}],"predecessor-version":[{"id":226536,"href":"https:\/\/praiapiscina.pt\/pt-pt\/wp-json\/wp\/v2\/pages\/17\/revisions\/226536"}],"wp:attachment":[{"href":"https:\/\/praiapiscina.pt\/pt-pt\/wp-json\/wp\/v2\/media?parent=17"}],"curies":[{"name":"wp","href":"https:\/\/api.w.org\/{rel}","templated":true}]}}